{"id":3297,"date":"2025-11-15T23:04:16","date_gmt":"2025-11-15T15:04:16","guid":{"rendered":"https:\/\/moerwater.com\/?page_id=3297"},"modified":"2025-11-15T23:07:15","modified_gmt":"2025-11-15T15:07:15","slug":"blog","status":"publish","type":"page","link":"https:\/\/moerwater.com\/fr\/blog\/","title":{"rendered":"Blog"},"content":{"rendered":"<div data-elementor-type=\"wp-page\" data-elementor-id=\"3297\" class=\"elementor elementor-3297\" data-elementor-post-type=\"page\">\n\t\t\t\t<div class=\"elementor-element elementor-element-2b93dbe e-flex e-con-boxed e-con e-parent\" data-id=\"2b93dbe\" data-element_type=\"container\" data-settings=\"{&quot;background_background&quot;:&quot;classic&quot;}\">\n\t\t\t\t\t<div class=\"e-con-inner\">\n\t\t\t\t<div class=\"elementor-element elementor-element-4903506 elementor-widget elementor-widget-heading\" data-id=\"4903506\" data-element_type=\"widget\" data-widget_type=\"heading.default\">\n\t\t\t\t<div class=\"elementor-widget-container\">\n\t\t\t\t\t<h1 class=\"elementor-heading-title elementor-size-default\">Blog Moer<\/h1>\t\t\t\t<\/div>\n\t\t\t\t<\/div>\n\t\t\t\t<div class=\"elementor-element elementor-element-615b644 elementor-widget elementor-widget-elementskit-breadcrumb\" data-id=\"615b644\" data-element_type=\"widget\" data-widget_type=\"elementskit-breadcrumb.default\">\n\t\t\t\t<div class=\"elementor-widget-container\">\n\t\t\t\t\t<div class=\"ekit-wid-con\" ><ol class=\"ekit-breadcrumb\"><li class=\"ekit_breadcrumbs_start\"><a href=\"https:\/\/moerwater.com\/es\" data-no-translation=\"\" data-trp-gettext=\"\">Home<\/a><\/li> <li class=\"brd_sep\"> \u00bb <\/li>  <li>Blog<\/li><\/ol><\/div>\t\t\t\t<\/div>\n\t\t\t\t<\/div>\n\t\t\t\t\t<\/div>\n\t\t\t\t<\/div>\n\t\t<div class=\"elementor-element elementor-element-85e70b9 e-flex e-con-boxed e-con e-parent\" data-id=\"85e70b9\" data-element_type=\"container\">\n\t\t\t\t\t<div class=\"e-con-inner\">\n\t\t\t\t<div class=\"elementor-element elementor-element-b4ae3fb elementor-grid-3 elementor-grid-tablet-2 elementor-grid-mobile-1 elementor-posts--thumbnail-top elementor-card-shadow-yes elementor-posts__hover-gradient elementor-widget elementor-widget-posts\" data-id=\"b4ae3fb\" data-element_type=\"widget\" data-settings=\"{&quot;cards_row_gap&quot;:{&quot;unit&quot;:&quot;px&quot;,&quot;size&quot;:51,&quot;sizes&quot;:[]},&quot;pagination_type&quot;:&quot;numbers&quot;,&quot;cards_columns&quot;:&quot;3&quot;,&quot;cards_columns_tablet&quot;:&quot;2&quot;,&quot;cards_columns_mobile&quot;:&quot;1&quot;,&quot;cards_row_gap_tablet&quot;:{&quot;unit&quot;:&quot;px&quot;,&quot;size&quot;:&quot;&quot;,&quot;sizes&quot;:[]},&quot;cards_row_gap_mobile&quot;:{&quot;unit&quot;:&quot;px&quot;,&quot;size&quot;:&quot;&quot;,&quot;sizes&quot;:[]}}\" data-widget_type=\"posts.cards\">\n\t\t\t\t<div class=\"elementor-widget-container\">\n\t\t\t\t\t\t\t<div class=\"elementor-posts-container elementor-posts elementor-posts--skin-cards elementor-grid\" role=\"list\">\n\t\t\t\t<article class=\"elementor-post elementor-grid-item post-3740 post type-post status-publish format-standard has-post-thumbnail hentry category-pharmaceutical-pure-water-system\" role=\"listitem\">\n\t\t\t<div class=\"elementor-post__card\">\n\t\t\t\t<a class=\"elementor-post__thumbnail__link\" href=\"https:\/\/moerwater.com\/fr\/pw-vs-wfi\/\" tabindex=\"-1\" ><div class=\"elementor-post__thumbnail\"><img fetchpriority=\"high\" decoding=\"async\" width=\"300\" height=\"225\" src=\"https:\/\/moerwater.com\/wp-content\/uploads\/2025\/07\/WFI-water-for-injection-distiller-300x225.webp\" class=\"attachment-medium size-medium wp-image-730\" alt=\"Distillateur d&#039;eau pour injection WFI\" srcset=\"https:\/\/moerwater.com\/wp-content\/uploads\/2025\/07\/WFI-water-for-injection-distiller-300x225.webp 300w, https:\/\/moerwater.com\/wp-content\/uploads\/2025\/07\/WFI-water-for-injection-distiller-768x576.webp 768w, https:\/\/moerwater.com\/wp-content\/uploads\/2025\/07\/WFI-water-for-injection-distiller.webp 1000w\" sizes=\"(max-width: 300px) 100vw, 300px\" \/><\/div><\/a>\n\t\t\t\t<div class=\"elementor-post__text\">\n\t\t\t\t<h3 class=\"elementor-post__title\">\n\t\t\t<a href=\"https:\/\/moerwater.com\/fr\/pw-vs-wfi\/\" >\n\t\t\t\tPW vs. WFI\t\t\t<\/a>\n\t\t<\/h3>\n\t\t\n\t\t<a class=\"elementor-post__read-more\" href=\"https:\/\/moerwater.com\/fr\/pw-vs-wfi\/\" aria-label=\"En savoir plus sur PW vs. WFI\" tabindex=\"-1\" >\n\t\t\tLire plus \u00bb\t\t<\/a>\n\n\t\t\t\t<\/div>\n\t\t\t\t<div class=\"elementor-post__meta-data\">\n\t\t\t\t\t<span class=\"elementor-post-date\">\n\t\t\t4 f\u00e9vrier 2026\t\t<\/span>\n\t\t\t\t<\/div>\n\t\t\t\t\t<\/div>\n\t\t<\/article>\n\t\t\t\t<article class=\"elementor-post elementor-grid-item post-3738 post type-post status-publish format-standard has-post-thumbnail hentry category-pharmaceutical-pure-water-system\" role=\"listitem\">\n\t\t\t<div class=\"elementor-post__card\">\n\t\t\t\t<a class=\"elementor-post__thumbnail__link\" href=\"https:\/\/moerwater.com\/fr\/ro-vs-edi-solution-in-pharma\/\" tabindex=\"-1\" ><div class=\"elementor-post__thumbnail\"><img decoding=\"async\" width=\"300\" height=\"225\" src=\"https:\/\/moerwater.com\/wp-content\/uploads\/2025\/11\/EDI\u88c5\u7f6e-300x225.jpg\" class=\"attachment-medium size-medium wp-image-3287\" alt=\"solution edi\" srcset=\"https:\/\/moerwater.com\/wp-content\/uploads\/2025\/11\/EDI\u88c5\u7f6e-300x225.jpg 300w, https:\/\/moerwater.com\/wp-content\/uploads\/2025\/11\/EDI\u88c5\u7f6e-1024x768.jpg 1024w, https:\/\/moerwater.com\/wp-content\/uploads\/2025\/11\/EDI\u88c5\u7f6e-768x576.jpg 768w, https:\/\/moerwater.com\/wp-content\/uploads\/2025\/11\/EDI\u88c5\u7f6e.jpg 1440w\" sizes=\"(max-width: 300px) 100vw, 300px\" \/><\/div><\/a>\n\t\t\t\t<div class=\"elementor-post__text\">\n\t\t\t\t<h3 class=\"elementor-post__title\">\n\t\t\t<a href=\"https:\/\/moerwater.com\/fr\/ro-vs-edi-solution-in-pharma\/\" >\n\t\t\t\tSolution RO vs EDI dans l'industrie pharmaceutique\t\t\t<\/a>\n\t\t<\/h3>\n\t\t\n\t\t<a class=\"elementor-post__read-more\" href=\"https:\/\/moerwater.com\/fr\/ro-vs-edi-solution-in-pharma\/\" aria-label=\"En savoir plus sur RO vs EDI Solution in Pharma\" tabindex=\"-1\" >\n\t\t\tLire plus \u00bb\t\t<\/a>\n\n\t\t\t\t<\/div>\n\t\t\t\t<div class=\"elementor-post__meta-data\">\n\t\t\t\t\t<span class=\"elementor-post-date\">\n\t\t\t4 f\u00e9vrier 2026\t\t<\/span>\n\t\t\t\t<\/div>\n\t\t\t\t\t<\/div>\n\t\t<\/article>\n\t\t\t\t<article class=\"elementor-post elementor-grid-item post-3734 post type-post status-publish format-standard has-post-thumbnail hentry category-reverse-osmosis\" role=\"listitem\">\n\t\t\t<div class=\"elementor-post__card\">\n\t\t\t\t<a class=\"elementor-post__thumbnail__link\" href=\"https:\/\/moerwater.com\/fr\/cost-analysis-of-ro-technology\/\" tabindex=\"-1\" ><div class=\"elementor-post__thumbnail\"><img decoding=\"async\" width=\"300\" height=\"222\" src=\"https:\/\/moerwater.com\/wp-content\/uploads\/2026\/02\/Gemini_Generated_Image_nhrue0nhrue0nhru-300x222.webp\" class=\"attachment-medium size-medium wp-image-3735\" alt=\"Technologie RO\" srcset=\"https:\/\/moerwater.com\/wp-content\/uploads\/2026\/02\/Gemini_Generated_Image_nhrue0nhrue0nhru-300x222.webp 300w, https:\/\/moerwater.com\/wp-content\/uploads\/2026\/02\/Gemini_Generated_Image_nhrue0nhrue0nhru-768x568.webp 768w, https:\/\/moerwater.com\/wp-content\/uploads\/2026\/02\/Gemini_Generated_Image_nhrue0nhrue0nhru.webp 1024w\" sizes=\"(max-width: 300px) 100vw, 300px\" \/><\/div><\/a>\n\t\t\t\t<div class=\"elementor-post__text\">\n\t\t\t\t<h3 class=\"elementor-post__title\">\n\t\t\t<a href=\"https:\/\/moerwater.com\/fr\/cost-analysis-of-ro-technology\/\" >\n\t\t\t\tAnalyse des co\u00fbts de la technologie RO\t\t\t<\/a>\n\t\t<\/h3>\n\t\t\n\t\t<a class=\"elementor-post__read-more\" href=\"https:\/\/moerwater.com\/fr\/cost-analysis-of-ro-technology\/\" aria-label=\"En savoir plus sur Cost Analysis of RO Technology\" tabindex=\"-1\" >\n\t\t\tLire plus \u00bb\t\t<\/a>\n\n\t\t\t\t<\/div>\n\t\t\t\t<div class=\"elementor-post__meta-data\">\n\t\t\t\t\t<span class=\"elementor-post-date\">\n\t\t\t3 f\u00e9vrier 2026\t\t<\/span>\n\t\t\t\t<\/div>\n\t\t\t\t\t<\/div>\n\t\t<\/article>\n\t\t\t\t<article class=\"elementor-post elementor-grid-item post-3665 post type-post status-publish format-standard has-post-thumbnail hentry category-uncategorized\" role=\"listitem\">\n\t\t\t<div class=\"elementor-post__card\">\n\t\t\t\t<a class=\"elementor-post__thumbnail__link\" href=\"https:\/\/moerwater.com\/fr\/7-key-facts-what-is-multi-effect-distillation-for-wfi\/\" tabindex=\"-1\" ><div class=\"elementor-post__thumbnail\"><img loading=\"lazy\" decoding=\"async\" width=\"225\" height=\"300\" src=\"https:\/\/moerwater.com\/wp-content\/uploads\/2026\/01\/f3a39994-2c5d-4c0b-88a0-1a6d043c62f5-225x300.webp\" class=\"attachment-medium size-medium wp-image-3666\" alt=\"Distillation \u00e0 effets multiples\" srcset=\"https:\/\/moerwater.com\/wp-content\/uploads\/2026\/01\/f3a39994-2c5d-4c0b-88a0-1a6d043c62f5-225x300.webp 225w, https:\/\/moerwater.com\/wp-content\/uploads\/2026\/01\/f3a39994-2c5d-4c0b-88a0-1a6d043c62f5-768x1024.webp 768w, https:\/\/moerwater.com\/wp-content\/uploads\/2026\/01\/f3a39994-2c5d-4c0b-88a0-1a6d043c62f5.webp 1000w\" sizes=\"(max-width: 225px) 100vw, 225px\" \/><\/div><\/a>\n\t\t\t\t<div class=\"elementor-post__text\">\n\t\t\t\t<h3 class=\"elementor-post__title\">\n\t\t\t<a href=\"https:\/\/moerwater.com\/fr\/7-key-facts-what-is-multi-effect-distillation-for-wfi\/\" >\n\t\t\t\t7 Faits marquants : Qu'est-ce que la distillation \u00e0 effets multiples pour WFI ?\t\t\t<\/a>\n\t\t<\/h3>\n\t\t\n\t\t<a class=\"elementor-post__read-more\" href=\"https:\/\/moerwater.com\/fr\/7-key-facts-what-is-multi-effect-distillation-for-wfi\/\" aria-label=\"En savoir plus sur 7 Key Facts: What is Multi Effect Distillation for WFI?\" tabindex=\"-1\" >\n\t\t\tLire plus \u00bb\t\t<\/a>\n\n\t\t\t\t<\/div>\n\t\t\t\t<div class=\"elementor-post__meta-data\">\n\t\t\t\t\t<span class=\"elementor-post-date\">\n\t\t\t22 janvier 2026\t\t<\/span>\n\t\t\t\t<\/div>\n\t\t\t\t\t<\/div>\n\t\t<\/article>\n\t\t\t\t<article class=\"elementor-post elementor-grid-item post-3657 post type-post status-publish format-standard has-post-thumbnail hentry category-uncategorized\" role=\"listitem\">\n\t\t\t<div class=\"elementor-post__card\">\n\t\t\t\t<a class=\"elementor-post__thumbnail__link\" href=\"https:\/\/moerwater.com\/fr\/5-reasons-a-water-softener-is-worth-it-pro-guide\/\" tabindex=\"-1\" ><div class=\"elementor-post__thumbnail\"><img loading=\"lazy\" decoding=\"async\" width=\"300\" height=\"197\" src=\"https:\/\/moerwater.com\/wp-content\/uploads\/2026\/01\/\u751f\u6210\u5bf9\u6bd4\u56fe-300x197.webp\" class=\"attachment-medium size-medium wp-image-3658\" alt=\"adoucisseur d&#039;eau\" srcset=\"https:\/\/moerwater.com\/wp-content\/uploads\/2026\/01\/\u751f\u6210\u5bf9\u6bd4\u56fe-300x197.webp 300w, https:\/\/moerwater.com\/wp-content\/uploads\/2026\/01\/\u751f\u6210\u5bf9\u6bd4\u56fe-768x503.webp 768w, https:\/\/moerwater.com\/wp-content\/uploads\/2026\/01\/\u751f\u6210\u5bf9\u6bd4\u56fe.webp 1000w\" sizes=\"(max-width: 300px) 100vw, 300px\" \/><\/div><\/a>\n\t\t\t\t<div class=\"elementor-post__text\">\n\t\t\t\t<h3 class=\"elementor-post__title\">\n\t\t\t<a href=\"https:\/\/moerwater.com\/fr\/5-reasons-a-water-softener-is-worth-it-pro-guide\/\" >\n\t\t\t\t5 raisons pour lesquelles un adoucisseur d'eau en vaut la peine :  Guide du pro\t\t\t<\/a>\n\t\t<\/h3>\n\t\t\n\t\t<a class=\"elementor-post__read-more\" href=\"https:\/\/moerwater.com\/fr\/5-reasons-a-water-softener-is-worth-it-pro-guide\/\" aria-label=\"En savoir plus sur 5 Reasons a Water Softener Is Worth It:  Pro Guide\" tabindex=\"-1\" >\n\t\t\tLire plus \u00bb\t\t<\/a>\n\n\t\t\t\t<\/div>\n\t\t\t\t<div class=\"elementor-post__meta-data\">\n\t\t\t\t\t<span class=\"elementor-post-date\">\n\t\t\t22 janvier 2026\t\t<\/span>\n\t\t\t\t<\/div>\n\t\t\t\t\t<\/div>\n\t\t<\/article>\n\t\t\t\t<article class=\"elementor-post elementor-grid-item post-3636 post type-post status-publish format-standard has-post-thumbnail hentry category-pharmaceutical-pure-water-system\" role=\"listitem\">\n\t\t\t<div class=\"elementor-post__card\">\n\t\t\t\t<a class=\"elementor-post__thumbnail__link\" href=\"https:\/\/moerwater.com\/fr\/what-is-a-modern-pharmaceutical-water-system\/\" tabindex=\"-1\" ><div class=\"elementor-post__thumbnail\"><img loading=\"lazy\" decoding=\"async\" width=\"300\" height=\"225\" src=\"https:\/\/moerwater.com\/wp-content\/uploads\/2026\/01\/QQ\u56fe\u724720211013161912-300x225.jpg\" class=\"attachment-medium size-medium wp-image-3647\" alt=\"eau pharmaceutique\" srcset=\"https:\/\/moerwater.com\/wp-content\/uploads\/2026\/01\/QQ\u56fe\u724720211013161912-300x225.jpg 300w, https:\/\/moerwater.com\/wp-content\/uploads\/2026\/01\/QQ\u56fe\u724720211013161912-1024x768.jpg 1024w, https:\/\/moerwater.com\/wp-content\/uploads\/2026\/01\/QQ\u56fe\u724720211013161912-768x576.jpg 768w, https:\/\/moerwater.com\/wp-content\/uploads\/2026\/01\/QQ\u56fe\u724720211013161912-1536x1152.jpg 1536w, https:\/\/moerwater.com\/wp-content\/uploads\/2026\/01\/QQ\u56fe\u724720211013161912-2048x1536.jpg 2048w\" sizes=\"(max-width: 300px) 100vw, 300px\" \/><\/div><\/a>\n\t\t\t\t<div class=\"elementor-post__text\">\n\t\t\t\t<h3 class=\"elementor-post__title\">\n\t\t\t<a href=\"https:\/\/moerwater.com\/fr\/what-is-a-modern-pharmaceutical-water-system\/\" >\n\t\t\t\tQu'est-ce qu'un syst\u00e8me d'eau pharmaceutique moderne et comment s\u00e9curise-t-il votre production de m\u00e9dicaments ?\t\t\t<\/a>\n\t\t<\/h3>\n\t\t\n\t\t<a class=\"elementor-post__read-more\" href=\"https:\/\/moerwater.com\/fr\/what-is-a-modern-pharmaceutical-water-system\/\" aria-label=\"En savoir plus sur What is a Modern Pharmaceutical Water System and How Does it Secure Your Drug Production?\" tabindex=\"-1\" >\n\t\t\tLire plus \u00bb\t\t<\/a>\n\n\t\t\t\t<\/div>\n\t\t\t\t<div class=\"elementor-post__meta-data\">\n\t\t\t\t\t<span class=\"elementor-post-date\">\n\t\t\t16 janvier 2026\t\t<\/span>\n\t\t\t\t<\/div>\n\t\t\t\t\t<\/div>\n\t\t<\/article>\n\t\t\t\t<\/div>\n\t\t\n\t\t\t\t<div class=\"e-load-more-anchor\" data-page=\"1\" data-max-page=\"8\" data-next-page=\"https:\/\/moerwater.com\/fr\/wp-json\/wp\/v2\/pages\/3297\/page\/2\/\"><\/div>\n\t\t\t\t<nav class=\"elementor-pagination\" aria-label=\"Pagination\">\n\t\t\t<span aria-current=\"page\" class=\"page-numbers current\"><span class=\"elementor-screen-only\">Page<\/span>1<\/span>\n<a class=\"page-numbers\" href=\"https:\/\/moerwater.com\/fr\/wp-json\/wp\/v2\/pages\/3297\/page\/2\/\"><span class=\"elementor-screen-only\">Page<\/span>2<\/a>\n<a class=\"page-numbers\" href=\"https:\/\/moerwater.com\/fr\/wp-json\/wp\/v2\/pages\/3297\/page\/3\/\"><span class=\"elementor-screen-only\">Page<\/span>3<\/a>\n<a class=\"page-numbers\" href=\"https:\/\/moerwater.com\/fr\/wp-json\/wp\/v2\/pages\/3297\/page\/4\/\"><span class=\"elementor-screen-only\">Page<\/span>4<\/a>\n<a class=\"page-numbers\" href=\"https:\/\/moerwater.com\/fr\/wp-json\/wp\/v2\/pages\/3297\/page\/5\/\"><span class=\"elementor-screen-only\">Page<\/span>5<\/a>\t\t<\/nav>\n\t\t\t\t\t\t<\/div>\n\t\t\t\t<\/div>\n\t\t\t\t\t<\/div>\n\t\t\t\t<\/div>\n\t\t\t\t<\/div>","protected":false},"excerpt":{"rendered":"<p>Accueil Moer Blog<\/p>","protected":false},"author":1,"featured_media":0,"parent":0,"menu_order":0,"comment_status":"closed","ping_status":"closed","template":"","meta":{"_acf_changed":false,"footnotes":""},"class_list":["post-3297","page","type-page","status-publish","hentry"],"acf":[],"_links":{"self":[{"href":"https:\/\/moerwater.com\/fr\/wp-json\/wp\/v2\/pages\/3297","targetHints":{"allow":["GET"]}}],"collection":[{"href":"https:\/\/moerwater.com\/fr\/wp-json\/wp\/v2\/pages"}],"about":[{"href":"https:\/\/moerwater.com\/fr\/wp-json\/wp\/v2\/types\/page"}],"author":[{"embeddable":true,"href":"https:\/\/moerwater.com\/fr\/wp-json\/wp\/v2\/users\/1"}],"replies":[{"embeddable":true,"href":"https:\/\/moerwater.com\/fr\/wp-json\/wp\/v2\/comments?post=3297"}],"version-history":[{"count":6,"href":"https:\/\/moerwater.com\/fr\/wp-json\/wp\/v2\/pages\/3297\/revisions"}],"predecessor-version":[{"id":3303,"href":"https:\/\/moerwater.com\/fr\/wp-json\/wp\/v2\/pages\/3297\/revisions\/3303"}],"wp:attachment":[{"href":"https:\/\/moerwater.com\/fr\/wp-json\/wp\/v2\/media?parent=3297"}],"curies":[{"name":"wp","href":"https:\/\/api.w.org\/{rel}","templated":true}]}}